{"id":552,"date":"2024-07-24T18:54:53","date_gmt":"2024-07-24T21:54:53","guid":{"rendered":"https:\/\/faculdadef7.edu.br\/?page_id=552"},"modified":"2024-07-26T15:08:06","modified_gmt":"2024-07-26T18:08:06","slug":"portal-do-egresso","status":"publish","type":"page","link":"https:\/\/faculdadef7.edu.br\/index.php\/portal-do-egresso\/","title":{"rendered":"Portal do Egresso"},"content":{"rendered":"<style>.elementor-552 .elementor-element.elementor-element-2c460e3{--display:flex;--flex-direction:column;--container-widget-width:100%;--container-widget-height:initial;--container-widget-flex-grow:0;--container-widget-align-self:initial;--flex-wrap-mobile:wrap;}.elementor-widget-image .widget-image-caption{color:var( --e-global-color-text );font-family:var( --e-global-typography-text-font-family ), Sans-serif;font-size:var( --e-global-typography-text-font-size );font-weight:var( --e-global-typography-text-font-weight );}.elementor-552 .elementor-element.elementor-element-51a9445 img{width:24%;}.elementor-552 .elementor-element.elementor-element-8767728{--display:flex;}.elementor-widget-heading .elementor-heading-title{font-family:var( --e-global-typography-primary-font-family ), Sans-serif;font-size:var( --e-global-typography-primary-font-size );font-weight:var( --e-global-typography-primary-font-weight );color:var( --e-global-color-primary );}.elementor-552 .elementor-element.elementor-element-36c8499{text-align:left;}.elementor-552 .elementor-element.elementor-element-36c8499 .elementor-heading-title{font-family:\"Montserrat\", Sans-serif;font-size:25px;font-weight:800;-webkit-text-stroke-color:#000;stroke:#000;}.elementor-552 .elementor-element.elementor-element-acbd793{text-align:left;}.elementor-552 .elementor-element.elementor-element-acbd793 .elementor-heading-title{font-family:\"Montserrat\", Sans-serif;font-size:20px;font-weight:600;-webkit-text-stroke-color:#000;stroke:#000;}.elementor-552 .elementor-element.elementor-element-f0c9c90{--display:flex;--flex-direction:column;--container-widget-width:100%;--container-widget-height:initial;--container-widget-flex-grow:0;--container-widget-align-self:initial;--flex-wrap-mobile:wrap;}.elementor-widget-text-editor{font-family:var( --e-global-typography-text-font-family ), Sans-serif;font-size:var( --e-global-typography-text-font-size );font-weight:var( --e-global-typography-text-font-weight );color:var( --e-global-color-text );}.elementor-widget-text-editor.elementor-drop-cap-view-stacked .elementor-drop-cap{background-color:var( --e-global-color-primary );}.elementor-widget-text-editor.elementor-drop-cap-view-framed .elementor-drop-cap, .elementor-widget-text-editor.elementor-drop-cap-view-default .elementor-drop-cap{color:var( --e-global-color-primary );border-color:var( --e-global-color-primary );}.elementor-552 .elementor-element.elementor-element-b0a7f5d{font-size:20px;font-weight:600;letter-spacing:0.1px;color:#4B4646;}@media(max-width:1024px){.elementor-widget-image .widget-image-caption{font-size:var( --e-global-typography-text-font-size );}.elementor-widget-heading .elementor-heading-title{font-size:var( --e-global-typography-primary-font-size );}.elementor-widget-text-editor{font-size:var( --e-global-typography-text-font-size );}}@media(max-width:767px){.elementor-widget-image .widget-image-caption{font-size:var( --e-global-typography-text-font-size );}.elementor-552 .elementor-element.elementor-element-51a9445 img{width:53%;}.elementor-widget-heading .elementor-heading-title{font-size:var( --e-global-typography-primary-font-size );}.elementor-widget-text-editor{font-size:var( --e-global-typography-text-font-size );}}<\/style>\t\t<div data-elementor-type=\"wp-page\" data-elementor-id=\"552\" class=\"elementor elementor-552\" data-elementor-post-type=\"page\">\n\t\t\t\t<div class=\"elementor-element elementor-element-2c460e3 e-flex e-con-boxed e-con e-parent\" data-id=\"2c460e3\" data-element_type=\"container\">\n\t\t\t\t\t<div class=\"e-con-inner\">\n\t\t\t\t<div class=\"elementor-element elementor-element-51a9445 elementor-widget elementor-widget-image\" data-id=\"51a9445\" data-element_type=\"widget\" data-widget_type=\"image.default\">\n\t\t\t\t<div class=\"elementor-widget-container\">\n\t\t\t\t\t\t\t\t\t\t\t\t\t\t\t<img fetchpriority=\"high\" decoding=\"async\" width=\"800\" height=\"248\" src=\"https:\/\/faculdadef7.edu.br\/wp-content\/uploads\/2023\/09\/F7-LOGO-2-1024x318.png\" class=\"attachment-large size-large wp-image-33\" alt=\"\" srcset=\"https:\/\/faculdadef7.edu.br\/wp-content\/uploads\/2023\/09\/F7-LOGO-2-1024x318.png 1024w, https:\/\/faculdadef7.edu.br\/wp-content\/uploads\/2023\/09\/F7-LOGO-2-300x93.png 300w, https:\/\/faculdadef7.edu.br\/wp-content\/uploads\/2023\/09\/F7-LOGO-2-768x238.png 768w, https:\/\/faculdadef7.edu.br\/wp-content\/uploads\/2023\/09\/F7-LOGO-2-1536x477.png 1536w, https:\/\/faculdadef7.edu.br\/wp-content\/uploads\/2023\/09\/F7-LOGO-2-2048x636.png 2048w, https:\/\/faculdadef7.edu.br\/wp-content\/uploads\/2023\/09\/F7-LOGO-2-600x186.png 600w\" sizes=\"(max-width: 800px) 100vw, 800px\" \/>\t\t\t\t\t\t\t\t\t\t\t\t\t\t\t<\/div>\n\t\t\t\t<\/div>\n\t\t\t\t\t<\/div>\n\t\t\t\t<\/div>\n\t\t<div class=\"elementor-element elementor-element-8767728 e-flex e-con-boxed e-con e-parent\" data-id=\"8767728\" data-element_type=\"container\">\n\t\t\t\t\t<div class=\"e-con-inner\">\n\t\t\t\t<div class=\"elementor-element elementor-element-36c8499 elementor-widget elementor-widget-heading\" data-id=\"36c8499\" data-element_type=\"widget\" data-widget_type=\"heading.default\">\n\t\t\t\t<div class=\"elementor-widget-container\">\n\t\t\t\t\t<h2 class=\"elementor-heading-title elementor-size-medium\">PORTAL DO EGRESSO<\/h2>\t\t\t\t<\/div>\n\t\t\t\t<\/div>\n\t\t\t\t<div class=\"elementor-element elementor-element-acbd793 elementor-widget elementor-widget-heading\" data-id=\"acbd793\" data-element_type=\"widget\" data-widget_type=\"heading.default\">\n\t\t\t\t<div class=\"elementor-widget-container\">\n\t\t\t\t\t<h2 class=\"elementor-heading-title elementor-size-medium\">Os Egressos da Faculdade F7 contam com vantagens exclusivas.<\/h2>\t\t\t\t<\/div>\n\t\t\t\t<\/div>\n\t\t\t\t\t<\/div>\n\t\t\t\t<\/div>\n\t\t<div class=\"elementor-element elementor-element-f0c9c90 e-flex e-con-boxed e-con e-parent\" data-id=\"f0c9c90\" data-element_type=\"container\">\n\t\t\t\t\t<div class=\"e-con-inner\">\n\t\t\t\t<div class=\"elementor-element elementor-element-b0a7f5d elementor-widget elementor-widget-text-editor\" data-id=\"b0a7f5d\" data-element_type=\"widget\" data-widget_type=\"text-editor.default\">\n\t\t\t\t<div class=\"elementor-widget-container\">\n\t\t\t\t\t\t\t\t\t<p><span class=\"wixui-rich-text__text\">Confira as principais:<\/span><\/p>\n<ul class=\"font_8 wixui-rich-text__text\">\n<li class=\"wixui-rich-text__text\">\n<h6 class=\"font_8 wixui-rich-text__text\"><span class=\"wixui-rich-text__text\">Descontos especiais nas mensalidades para realizar um segundo curso de gradua\u00e7\u00e3o ou p\u00f3s-gradua\u00e7\u00e3o de forma vital\u00edcia. S\u00e3o descontos de at\u00e9 50%, em todas as mensalidades, v\u00e1lidos para todos egressos formados em qualquer curso da Gradua\u00e7\u00e3o ou P\u00f3s-Gradua\u00e7\u00e3o da Faculdade F7.<\/span><\/h6>\n<\/li>\n<\/ul>\n<ul class=\"font_8 wixui-rich-text__text\">\n<li class=\"wixui-rich-text__text\">\n<h6 class=\"font_8 wixui-rich-text__text\"><span class=\"wixui-rich-text__text\">A Faculdade ainda busca apoiar a busca de novas oportunidades de emprego, al\u00e9m de facilitar acesso aos livros e materiais did\u00e1ticos pela Biblioteca.<\/span><\/h6>\n<\/li>\n<\/ul>\n<p class=\"font_2 wixui-rich-text__text\"><span class=\"wixui-rich-text__text\">Outros benef\u00edcios<\/span><\/p>\n<ul class=\"font_8 wixui-rich-text__text\">\n<li class=\"wixui-rich-text__text\">\n<h6 class=\"font_8 wixui-rich-text__text\"><span class=\"wixui-rich-text__text\">Os egressos ser\u00e3o convidados a participar de palestras e atividades voltadas para sua forma\u00e7\u00e3o continuada. Este contato ser\u00e1 feito atrav\u00e9s de e-mail, telefone ou correspond\u00eancia.<\/span><\/h6>\n<\/li>\n<\/ul>\n<ul class=\"font_8 wixui-rich-text__text\">\n<li class=\"wixui-rich-text__text\">\n<h6 class=\"font_8 wixui-rich-text__text\"><span class=\"wixui-rich-text__text\">Uso dos laborat\u00f3rios da Institui\u00e7\u00e3o durante os hor\u00e1rios livres de aula &#8211; manh\u00e3 e tarde.<\/span><\/h6>\n<\/li>\n<\/ul>\t\t\t\t\t\t\t\t<\/div>\n\t\t\t\t<\/div>\n\t\t\t\t\t<\/div>\n\t\t\t\t<\/div>\n\t\t\t\t<\/div>\n\t\t","protected":false},"excerpt":{"rendered":"<p>PORTAL DO EGRESSO Os Egressos da Faculdade F7 contam com vantagens exclusivas. Confira as principais: Descontos especiais nas mensalidades para realizar um segundo curso de gradua\u00e7\u00e3o ou p\u00f3s-gradua\u00e7\u00e3o de forma vital\u00edcia. S\u00e3o descontos de at\u00e9 50%, em todas as mensalidades, v\u00e1lidos para todos egressos formados em qualquer curso da Gradua\u00e7\u00e3o ou P\u00f3s-Gradua\u00e7\u00e3o da Faculdade F7. [&hellip;]<\/p>\n","protected":false},"author":2,"featured_media":0,"parent":0,"menu_order":0,"comment_status":"closed","ping_status":"closed","template":"elementor_header_footer","meta":{"footnotes":""},"class_list":["post-552","page","type-page","status-publish","hentry"],"jetpack_sharing_enabled":true,"_links":{"self":[{"href":"https:\/\/faculdadef7.edu.br\/index.php\/wp-json\/wp\/v2\/pages\/552","targetHints":{"allow":["GET"]}}],"collection":[{"href":"https:\/\/faculdadef7.edu.br\/index.php\/wp-json\/wp\/v2\/pages"}],"about":[{"href":"https:\/\/faculdadef7.edu.br\/index.php\/wp-json\/wp\/v2\/types\/page"}],"author":[{"embeddable":true,"href":"https:\/\/faculdadef7.edu.br\/index.php\/wp-json\/wp\/v2\/users\/2"}],"replies":[{"embeddable":true,"href":"https:\/\/faculdadef7.edu.br\/index.php\/wp-json\/wp\/v2\/comments?post=552"}],"version-history":[{"count":4,"href":"https:\/\/faculdadef7.edu.br\/index.php\/wp-json\/wp\/v2\/pages\/552\/revisions"}],"predecessor-version":[{"id":702,"href":"https:\/\/faculdadef7.edu.br\/index.php\/wp-json\/wp\/v2\/pages\/552\/revisions\/702"}],"wp:attachment":[{"href":"https:\/\/faculdadef7.edu.br\/index.php\/wp-json\/wp\/v2\/media?parent=552"}],"curies":[{"name":"wp","href":"https:\/\/api.w.org\/{rel}","templated":true}]}}