{"id":653,"date":"2024-07-26T12:30:08","date_gmt":"2024-07-26T15:30:08","guid":{"rendered":"https:\/\/faculdadef7.edu.br\/?page_id=653"},"modified":"2025-02-21T17:42:07","modified_gmt":"2025-02-21T20:42:07","slug":"biblioteca-3","status":"publish","type":"page","link":"https:\/\/faculdadef7.edu.br\/index.php\/biblioteca-3\/","title":{"rendered":"Biblioteca"},"content":{"rendered":"<style>.elementor-653 .elementor-element.elementor-element-6ec8752{--display:flex;--min-height:29vh;--flex-direction:row;--container-widget-width:calc( ( 1 - var( --container-widget-flex-grow ) ) * 100% );--container-widget-height:100%;--container-widget-flex-grow:1;--container-widget-align-self:stretch;--flex-wrap-mobile:wrap;--justify-content:center;--align-items:center;}.elementor-653 .elementor-element.elementor-element-6ec8752:not(.elementor-motion-effects-element-type-background), .elementor-653 .elementor-element.elementor-element-6ec8752 > .elementor-motion-effects-container > .elementor-motion-effects-layer{background-image:url(\"https:\/\/faculdadef7.edu.br\/wp-content\/uploads\/2024\/12\/BGNOFOTO1.png\");background-position:center center;background-repeat:no-repeat;background-size:cover;}.elementor-653 .elementor-element.elementor-element-1c00050{--display:flex;--align-items:center;--container-widget-width:calc( ( 1 - var( --container-widget-flex-grow ) ) * 100% );}.elementor-653 .elementor-element.elementor-element-1c00050.e-con{--order:-99999 \/* order start hack *\/;}.elementor-653 .elementor-element.elementor-element-bd89519 .jeg-elementor-kit.jkit-animated-text{text-align:center;}.elementor-653 .elementor-element.elementor-element-bd89519 .jeg-elementor-kit.jkit-animated-text .animated-text .normal-text{font-family:var( --e-global-typography-659b561-font-family ), Sans-serif;font-size:var( --e-global-typography-659b561-font-size );font-weight:var( --e-global-typography-659b561-font-weight );}.elementor-653 .elementor-element.elementor-element-bd89519 .jeg-elementor-kit.jkit-animated-text .animated-text .normal-text.style-color{color:#FFFFFF;}.elementor-653 .elementor-element.elementor-element-bd89519 .jeg-elementor-kit.jkit-animated-text .animated-text .dynamic-text{font-family:var( --e-global-typography-659b561-font-family ), Sans-serif;font-size:var( --e-global-typography-659b561-font-size );font-weight:var( --e-global-typography-659b561-font-weight );text-shadow:0px 0px 10px rgba(0,0,0,0.3);z-index:auto;}.elementor-653 .elementor-element.elementor-element-bd89519 .jeg-elementor-kit.jkit-animated-text .animated-text .dynamic-wrapper.style-color .dynamic-text{color:var( --e-global-color-af4baec );}.elementor-653 .elementor-element.elementor-element-bd89519 .jeg-elementor-kit.jkit-animated-text .animated-text svg path.style-color{stroke:var( --e-global-color-af4baec );}.elementor-653 .elementor-element.elementor-element-bd89519 .jeg-elementor-kit.jkit-animated-text .animated-text svg path{stroke-width:10px;-moz-animation-duration:10s;-webkit-animation-duration:10s;-o-animation-duration:10s;-ms-animation-duration:10s;animation-duration:10s;stroke-linecap:round;stroke-linejoin:round;}.elementor-653 .elementor-element.elementor-element-bd89519 .jeg-elementor-kit.jkit-animated-text .animated-text svg{z-index:2;}.elementor-653 .elementor-element.elementor-element-c768ec9{--display:flex;--flex-direction:row;--container-widget-width:initial;--container-widget-height:100%;--container-widget-flex-grow:1;--container-widget-align-self:stretch;--flex-wrap-mobile:wrap;--justify-content:space-between;--gap:0px 0px;--row-gap:0px;--column-gap:0px;--flex-wrap:wrap;}.elementor-653 .elementor-element.elementor-element-c768ec9:not(.elementor-motion-effects-element-type-background), .elementor-653 .elementor-element.elementor-element-c768ec9 > .elementor-motion-effects-container > .elementor-motion-effects-layer{background-color:#FFFFFF;}.elementor-653 .elementor-element.elementor-element-61c73de{--display:flex;}.elementor-653 .elementor-element.elementor-element-1bd4c37{--spacer-size:50px;}.elementor-653 .elementor-element.elementor-element-c4376be{--display:flex;--min-height:296px;--flex-direction:column;--container-widget-width:100%;--container-widget-height:initial;--container-widget-flex-grow:0;--container-widget-align-self:initial;--flex-wrap-mobile:wrap;--justify-content:center;}.elementor-widget-text-editor{font-family:var( --e-global-typography-text-font-family ), Sans-serif;font-size:var( --e-global-typography-text-font-size );font-weight:var( --e-global-typography-text-font-weight );color:var( --e-global-color-text );}.elementor-widget-text-editor.elementor-drop-cap-view-stacked .elementor-drop-cap{background-color:var( --e-global-color-primary );}.elementor-widget-text-editor.elementor-drop-cap-view-framed .elementor-drop-cap, .elementor-widget-text-editor.elementor-drop-cap-view-default .elementor-drop-cap{color:var( --e-global-color-primary );border-color:var( --e-global-color-primary );}.elementor-653 .elementor-element.elementor-element-1ed237b > .elementor-widget-container{margin:0px 0px 0px 0px;}.elementor-653 .elementor-element.elementor-element-1ed237b{text-align:left;font-family:\"Poppins\", Sans-serif;font-size:16px;font-weight:500;font-style:normal;line-height:29px;color:#252525;}.elementor-653 .elementor-element.elementor-element-b5b2195{--spacer-size:50px;}.elementor-653 .elementor-element.elementor-element-78cb0b8{--display:flex;--flex-direction:column;--container-widget-width:calc( ( 1 - var( --container-widget-flex-grow ) ) * 100% );--container-widget-height:initial;--container-widget-flex-grow:0;--container-widget-align-self:initial;--flex-wrap-mobile:wrap;--justify-content:center;--align-items:center;}.elementor-653 .elementor-element.elementor-element-78cb0b8:not(.elementor-motion-effects-element-type-background), .elementor-653 .elementor-element.elementor-element-78cb0b8 > .elementor-motion-effects-container > .elementor-motion-effects-layer{background-color:var( --e-global-color-2d69f9b );background-image:url(\"https:\/\/faculdadef7.edu.br\/wp-content\/uploads\/2024\/12\/BGNOFOTO2.png\");}.elementor-653 .elementor-element.elementor-element-78cb0b8.e-con{--flex-grow:0;--flex-shrink:0;}.elementor-widget-tabs .elementor-tab-title, .elementor-widget-tabs .elementor-tab-title a{color:var( --e-global-color-primary );}.elementor-widget-tabs .elementor-tab-title.elementor-active,\n\t\t\t\t\t .elementor-widget-tabs .elementor-tab-title.elementor-active a{color:var( --e-global-color-accent );}.elementor-widget-tabs .elementor-tab-title{font-family:var( --e-global-typography-primary-font-family ), Sans-serif;font-size:var( --e-global-typography-primary-font-size );font-weight:var( --e-global-typography-primary-font-weight );}.elementor-widget-tabs .elementor-tab-content{color:var( --e-global-color-text );font-family:var( --e-global-typography-text-font-family ), Sans-serif;font-size:var( --e-global-typography-text-font-size );font-weight:var( --e-global-typography-text-font-weight );}.elementor-653 .elementor-element.elementor-element-598f658{width:100%;max-width:100%;}.elementor-653 .elementor-element.elementor-element-598f658 > .elementor-widget-container{background-color:#F6F6F6;border-radius:20px 20px 20px 20px;}.elementor-653 .elementor-element.elementor-element-598f658.elementor-element{--order:99999 \/* order end hack *\/;}.elementor-653 .elementor-element.elementor-element-598f658 .elementor-tabs-wrapper{width:29%;}.elementor-653 .elementor-element.elementor-element-598f658 .elementor-tab-title, .elementor-653 .elementor-element.elementor-element-598f658 .elementor-tab-title:before, .elementor-653 .elementor-element.elementor-element-598f658 .elementor-tab-title:after, .elementor-653 .elementor-element.elementor-element-598f658 .elementor-tab-content, .elementor-653 .elementor-element.elementor-element-598f658 .elementor-tabs-content-wrapper{border-width:0px;}.elementor-653 .elementor-element.elementor-element-598f658 .elementor-tab-desktop-title.elementor-active{background-color:#FFFFFF;}.elementor-653 .elementor-element.elementor-element-598f658 .elementor-tabs-content-wrapper{background-color:#FFFFFF;}.elementor-653 .elementor-element.elementor-element-598f658 .elementor-tab-title.elementor-active,\n\t\t\t\t\t .elementor-653 .elementor-element.elementor-element-598f658 .elementor-tab-title.elementor-active a{color:var( --e-global-color-2d69f9b );}.elementor-653 .elementor-element.elementor-element-598f658 .elementor-tab-title{font-family:\"Montserrat\", Sans-serif;font-size:14px;font-weight:800;}.elementor-653 .elementor-element.elementor-element-598f658 .elementor-tab-content{color:#576F59;font-family:\"Sora\", Sans-serif;font-size:16px;font-weight:400;}.elementor-653 .elementor-element.elementor-element-b30a9b4{--spacer-size:50px;}.elementor-653 .elementor-element.elementor-element-d269ddf{--spacer-size:50px;}.elementor-653 .elementor-element.elementor-element-d269ddf.elementor-element{--order:99999 \/* order end hack *\/;}.elementor-653 .elementor-element.elementor-element-2528a10{--display:flex;}.elementor-653 .elementor-element.elementor-element-4335a32{--spacer-size:80px;}@media(min-width:1025px){.elementor-653 .elementor-element.elementor-element-6ec8752:not(.elementor-motion-effects-element-type-background), .elementor-653 .elementor-element.elementor-element-6ec8752 > .elementor-motion-effects-container > .elementor-motion-effects-layer{background-attachment:fixed;}.elementor-653 .elementor-element.elementor-element-78cb0b8:not(.elementor-motion-effects-element-type-background), .elementor-653 .elementor-element.elementor-element-78cb0b8 > .elementor-motion-effects-container > .elementor-motion-effects-layer{background-attachment:fixed;}}@media(max-width:1024px){.elementor-653 .elementor-element.elementor-element-bd89519 .jeg-elementor-kit.jkit-animated-text .animated-text .normal-text{font-size:var( --e-global-typography-659b561-font-size );}.elementor-653 .elementor-element.elementor-element-bd89519 .jeg-elementor-kit.jkit-animated-text .animated-text .dynamic-text{font-size:var( --e-global-typography-659b561-font-size );}.elementor-widget-text-editor{font-size:var( --e-global-typography-text-font-size );}.elementor-widget-tabs .elementor-tab-title{font-size:var( --e-global-typography-primary-font-size );}.elementor-widget-tabs .elementor-tab-content{font-size:var( --e-global-typography-text-font-size );}}@media(max-width:767px){.elementor-653 .elementor-element.elementor-element-bd89519 .jeg-elementor-kit.jkit-animated-text .animated-text .normal-text{font-size:var( --e-global-typography-659b561-font-size );}.elementor-653 .elementor-element.elementor-element-bd89519 .jeg-elementor-kit.jkit-animated-text .animated-text .dynamic-text{font-size:var( --e-global-typography-659b561-font-size );}.elementor-653 .elementor-element.elementor-element-c768ec9{--min-height:0px;}.elementor-widget-text-editor{font-size:var( --e-global-typography-text-font-size );}.elementor-653 .elementor-element.elementor-element-78cb0b8{--content-width:1600px;}.elementor-widget-tabs .elementor-tab-title{font-size:var( --e-global-typography-primary-font-size );}.elementor-widget-tabs .elementor-tab-content{font-size:var( --e-global-typography-text-font-size );}.elementor-653 .elementor-element.elementor-element-598f658{width:var( --container-widget-width, 349.2px );max-width:349.2px;--container-widget-width:349.2px;--container-widget-flex-grow:0;}}<\/style>\t\t<div data-elementor-type=\"wp-page\" data-elementor-id=\"653\" class=\"elementor elementor-653\" data-elementor-post-type=\"page\">\n\t\t\t\t<div class=\"elementor-element elementor-element-6ec8752 e-con-full e-flex e-con e-parent\" data-id=\"6ec8752\" data-element_type=\"container\" data-settings=\"{&quot;background_background&quot;:&quot;classic&quot;}\">\n\t\t<div class=\"elementor-element elementor-element-1c00050 e-con-full e-flex e-con e-child\" data-id=\"1c00050\" data-element_type=\"container\">\n\t\t\t\t<div class=\"elementor-element elementor-element-bd89519 elementor-widget elementor-widget-jkit_animated_text\" data-id=\"bd89519\" data-element_type=\"widget\" data-widget_type=\"jkit_animated_text.default\">\n\t\t\t\t<div class=\"elementor-widget-container\">\n\t\t\t\t\t<div  class=\"jeg-elementor-kit jkit-animated-text jeg_module___69e6227171290\"  data-style=\"highlighted\" data-text=\"Biblioteca\" data-shape=\"underline-zigzag\"><p class=\"animated-text\"><span class=\"normal-text style-color\"><\/span><span class=\"dynamic-wrapper style-color\"><span class=\"dynamic-text\">Biblioteca<\/span><svg xmlns=\"http:\/\/www.w3.org\/2000\/svg\" viewBox=\"0 0 500 150\" preserveAspectRatio=\"none\"><path class=\"style-color\"  d=\"M9.5,52.5s361-31,478,0\" transform=\"translate(-9.11 -34.22)\"\/><path class=\"style-color\"  d=\"M484.5,55.5s-386-2-432,15c0,0,317-12,358,5,0,0-177-4-227,11\" transform=\"translate(-9.11 -34.22)\"\/><\/svg><\/span><span class=\"normal-text style-color\"> F7<\/span><\/p><\/div>\t\t\t\t<\/div>\n\t\t\t\t<\/div>\n\t\t\t\t<\/div>\n\t\t\t\t<\/div>\n\t\t<div class=\"elementor-element elementor-element-c768ec9 e-con-full e-flex e-con e-parent\" data-id=\"c768ec9\" data-element_type=\"container\" data-settings=\"{&quot;background_background&quot;:&quot;classic&quot;}\">\n\t\t<div class=\"elementor-element elementor-element-61c73de e-flex e-con-boxed e-con e-child\" data-id=\"61c73de\" data-element_type=\"container\">\n\t\t\t\t\t<div class=\"e-con-inner\">\n\t\t\t\t<div class=\"elementor-element elementor-element-1bd4c37 elementor-widget elementor-widget-spacer\" data-id=\"1bd4c37\" data-element_type=\"widget\" data-widget_type=\"spacer.default\">\n\t\t\t\t<div class=\"elementor-widget-container\">\n\t\t\t\t\t\t\t<div class=\"elementor-spacer\">\n\t\t\t<div class=\"elementor-spacer-inner\"><\/div>\n\t\t<\/div>\n\t\t\t\t\t\t<\/div>\n\t\t\t\t<\/div>\n\t\t\t\t\t<\/div>\n\t\t\t\t<\/div>\n\t\t\t\t<\/div>\n\t\t<div class=\"elementor-element elementor-element-c4376be e-flex e-con-boxed e-con e-parent\" data-id=\"c4376be\" data-element_type=\"container\">\n\t\t\t\t\t<div class=\"e-con-inner\">\n\t\t\t\t<div class=\"elementor-element elementor-element-1ed237b elementor-widget elementor-widget-text-editor\" data-id=\"1ed237b\" data-element_type=\"widget\" data-widget_type=\"text-editor.default\">\n\t\t\t\t<div class=\"elementor-widget-container\">\n\t\t\t\t\t\t\t\t\t<div style=\"text-align: justify;\"><p>A Biblioteca Virtual da Faculdade F7 \u00e9 um ambiente digital que re\u00fane um amplo acervo de livros, artigos cient\u00edficos e materiais acad\u00eamicos, pensado para atender \u00e0s necessidades dos nossos alunos e professores. Com acesso f\u00e1cil e r\u00e1pido, voc\u00ea pode estudar a qualquer hora e em qualquer lugar, utilizando ferramentas interativas que tornam sua experi\u00eancia de aprendizado ainda mais pr\u00e1tica e eficiente. Explore nosso acervo e descubra como a tecnologia est\u00e1 aqui para apoiar o seu crescimento acad\u00eamico!<\/p><\/div>\t\t\t\t\t\t\t\t<\/div>\n\t\t\t\t<\/div>\n\t\t\t\t<div class=\"elementor-element elementor-element-b5b2195 elementor-widget elementor-widget-spacer\" data-id=\"b5b2195\" data-element_type=\"widget\" data-widget_type=\"spacer.default\">\n\t\t\t\t<div class=\"elementor-widget-container\">\n\t\t\t\t\t\t\t<div class=\"elementor-spacer\">\n\t\t\t<div class=\"elementor-spacer-inner\"><\/div>\n\t\t<\/div>\n\t\t\t\t\t\t<\/div>\n\t\t\t\t<\/div>\n\t\t\t\t\t<\/div>\n\t\t\t\t<\/div>\n\t\t<div class=\"elementor-element elementor-element-78cb0b8 e-flex e-con-boxed e-con e-parent\" data-id=\"78cb0b8\" data-element_type=\"container\" data-settings=\"{&quot;background_background&quot;:&quot;classic&quot;}\">\n\t\t\t\t\t<div class=\"e-con-inner\">\n\t\t\t\t<div class=\"elementor-element elementor-element-598f658 elementor-widget__width-inherit elementor-widget-mobile__width-initial elementor-tabs-view-vertical elementor-widget elementor-widget-tabs\" data-id=\"598f658\" data-element_type=\"widget\" data-widget_type=\"tabs.default\">\n\t\t\t\t<div class=\"elementor-widget-container\">\n\t\t\t\t\t\t\t<div class=\"elementor-tabs\">\n\t\t\t<div class=\"elementor-tabs-wrapper\" role=\"tablist\" >\n\t\t\t\t\t\t\t\t\t<div id=\"elementor-tab-title-9391\" class=\"elementor-tab-title elementor-tab-desktop-title\" aria-selected=\"true\" data-tab=\"1\" role=\"tab\" tabindex=\"0\" aria-controls=\"elementor-tab-content-9391\" aria-expanded=\"false\">ACESSO<\/div>\n\t\t\t\t\t\t\t\t\t<div id=\"elementor-tab-title-9392\" class=\"elementor-tab-title elementor-tab-desktop-title\" aria-selected=\"false\" data-tab=\"2\" role=\"tab\" tabindex=\"-1\" aria-controls=\"elementor-tab-content-9392\" aria-expanded=\"false\">DOCUMENTOS<\/div>\n\t\t\t\t\t\t\t<\/div>\n\t\t\t<div class=\"elementor-tabs-content-wrapper\" role=\"tablist\" aria-orientation=\"vertical\">\n\t\t\t\t\t\t\t\t\t<div class=\"elementor-tab-title elementor-tab-mobile-title\" aria-selected=\"true\" data-tab=\"1\" role=\"tab\" tabindex=\"0\" aria-controls=\"elementor-tab-content-9391\" aria-expanded=\"false\">ACESSO<\/div>\n\t\t\t\t\t<div id=\"elementor-tab-content-9391\" class=\"elementor-tab-content elementor-clearfix\" data-tab=\"1\" role=\"tabpanel\" aria-labelledby=\"elementor-tab-title-9391\" tabindex=\"0\" hidden=\"false\"><ul><li><p><strong>BIBLIOTECA VIRTUAL F7<\/strong><\/p><p><a href=\"https:\/\/sete.phl.bib.br\/\">Acesse aqui<\/a><\/p><\/li><\/ul><\/div>\n\t\t\t\t\t\t\t\t\t<div class=\"elementor-tab-title elementor-tab-mobile-title\" aria-selected=\"false\" data-tab=\"2\" role=\"tab\" tabindex=\"-1\" aria-controls=\"elementor-tab-content-9392\" aria-expanded=\"false\">DOCUMENTOS<\/div>\n\t\t\t\t\t<div id=\"elementor-tab-content-9392\" class=\"elementor-tab-content elementor-clearfix\" data-tab=\"2\" role=\"tabpanel\" aria-labelledby=\"elementor-tab-title-9392\" tabindex=\"0\" hidden=\"hidden\"><p><a href=\"https:\/\/faculdadef7.edu.br\/wp-content\/uploads\/2025\/01\/PERIODICOS-DO-CURSO-MEDICINA-VETERINARIA.pdf\">Peri\u00f3dicos do Curso de Medicina Veterin\u00e1ria<\/a><\/p><p><a href=\"https:\/\/faculdadef7.edu.br\/wp-content\/uploads\/2025\/01\/PERIODICOS-DO-CURSO-DE-DIREITO.pdf\">Peri\u00f3dicos do Curso de Direito<\/a><\/p><p><a href=\"https:\/\/faculdadef7.edu.br\/wp-content\/uploads\/2025\/02\/PERIODICOS-DO-CURSO-PSICOLOGIA.pdf\">Peri\u00f3dicos do Curso de Psicologia<\/a><\/p><\/div>\n\t\t\t\t\t\t\t<\/div>\n\t\t<\/div>\n\t\t\t\t\t\t<\/div>\n\t\t\t\t<\/div>\n\t\t\t\t<div class=\"elementor-element elementor-element-b30a9b4 elementor-widget elementor-widget-spacer\" data-id=\"b30a9b4\" data-element_type=\"widget\" data-widget_type=\"spacer.default\">\n\t\t\t\t<div class=\"elementor-widget-container\">\n\t\t\t\t\t\t\t<div class=\"elementor-spacer\">\n\t\t\t<div class=\"elementor-spacer-inner\"><\/div>\n\t\t<\/div>\n\t\t\t\t\t\t<\/div>\n\t\t\t\t<\/div>\n\t\t\t\t<div class=\"elementor-element elementor-element-d269ddf elementor-widget elementor-widget-spacer\" data-id=\"d269ddf\" data-element_type=\"widget\" data-widget_type=\"spacer.default\">\n\t\t\t\t<div class=\"elementor-widget-container\">\n\t\t\t\t\t\t\t<div class=\"elementor-spacer\">\n\t\t\t<div class=\"elementor-spacer-inner\"><\/div>\n\t\t<\/div>\n\t\t\t\t\t\t<\/div>\n\t\t\t\t<\/div>\n\t\t\t\t\t<\/div>\n\t\t\t\t<\/div>\n\t\t<div class=\"elementor-element elementor-element-2528a10 e-flex e-con-boxed e-con e-parent\" data-id=\"2528a10\" data-element_type=\"container\">\n\t\t\t\t\t<div class=\"e-con-inner\">\n\t\t\t\t<div class=\"elementor-element elementor-element-4335a32 elementor-widget elementor-widget-spacer\" data-id=\"4335a32\" data-element_type=\"widget\" data-widget_type=\"spacer.default\">\n\t\t\t\t<div class=\"elementor-widget-container\">\n\t\t\t\t\t\t\t<div class=\"elementor-spacer\">\n\t\t\t<div class=\"elementor-spacer-inner\"><\/div>\n\t\t<\/div>\n\t\t\t\t\t\t<\/div>\n\t\t\t\t<\/div>\n\t\t\t\t\t<\/div>\n\t\t\t\t<\/div>\n\t\t\t\t<\/div>\n\t\t","protected":false},"excerpt":{"rendered":"<p>Biblioteca F7 A Biblioteca Virtual da Faculdade F7 \u00e9 um ambiente digital que re\u00fane um amplo acervo de livros, artigos cient\u00edficos e materiais acad\u00eamicos, pensado para atender \u00e0s necessidades dos nossos alunos e professores. Com acesso f\u00e1cil e r\u00e1pido, voc\u00ea pode estudar a qualquer hora e em qualquer lugar, utilizando ferramentas interativas que tornam sua [&hellip;]<\/p>\n","protected":false},"author":2,"featured_media":0,"parent":0,"menu_order":0,"comment_status":"closed","ping_status":"closed","template":"elementor_header_footer","meta":{"footnotes":""},"class_list":["post-653","page","type-page","status-publish","hentry"],"jetpack_sharing_enabled":true,"_links":{"self":[{"href":"https:\/\/faculdadef7.edu.br\/index.php\/wp-json\/wp\/v2\/pages\/653","targetHints":{"allow":["GET"]}}],"collection":[{"href":"https:\/\/faculdadef7.edu.br\/index.php\/wp-json\/wp\/v2\/pages"}],"about":[{"href":"https:\/\/faculdadef7.edu.br\/index.php\/wp-json\/wp\/v2\/types\/page"}],"author":[{"embeddable":true,"href":"https:\/\/faculdadef7.edu.br\/index.php\/wp-json\/wp\/v2\/users\/2"}],"replies":[{"embeddable":true,"href":"https:\/\/faculdadef7.edu.br\/index.php\/wp-json\/wp\/v2\/comments?post=653"}],"version-history":[{"count":19,"href":"https:\/\/faculdadef7.edu.br\/index.php\/wp-json\/wp\/v2\/pages\/653\/revisions"}],"predecessor-version":[{"id":1600,"href":"https:\/\/faculdadef7.edu.br\/index.php\/wp-json\/wp\/v2\/pages\/653\/revisions\/1600"}],"wp:attachment":[{"href":"https:\/\/faculdadef7.edu.br\/index.php\/wp-json\/wp\/v2\/media?parent=653"}],"curies":[{"name":"wp","href":"https:\/\/api.w.org\/{rel}","templated":true}]}}