{"id":736,"date":"2024-11-05T11:15:38","date_gmt":"2024-11-05T14:15:38","guid":{"rendered":"https:\/\/faculdadef7.edu.br\/?page_id=736"},"modified":"2024-12-05T15:12:22","modified_gmt":"2024-12-05T18:12:22","slug":"vestibular","status":"publish","type":"page","link":"https:\/\/faculdadef7.edu.br\/index.php\/vestibular\/","title":{"rendered":"Vestibular"},"content":{"rendered":"<style>.elementor-736 .elementor-element.elementor-element-6e2f7b4{--display:flex;--min-height:377px;--flex-direction:column;--container-widget-width:calc( ( 1 - var( --container-widget-flex-grow ) ) * 100% );--container-widget-height:initial;--container-widget-flex-grow:0;--container-widget-align-self:initial;--flex-wrap-mobile:wrap;--justify-content:center;--align-items:center;}.elementor-736 .elementor-element.elementor-element-6e2f7b4:not(.elementor-motion-effects-element-type-background), .elementor-736 .elementor-element.elementor-element-6e2f7b4 > .elementor-motion-effects-container > .elementor-motion-effects-layer{background-image:url(\"https:\/\/faculdadef7.edu.br\/wp-content\/uploads\/2024\/11\/BG-F7.png\");background-position:center left;background-repeat:repeat;background-size:contain;}.elementor-widget-image .widget-image-caption{color:var( --e-global-color-text );font-family:var( --e-global-typography-text-font-family ), Sans-serif;font-size:var( --e-global-typography-text-font-size );font-weight:var( --e-global-typography-text-font-weight );}.elementor-736 .elementor-element.elementor-element-ee6e24f{--display:flex;}.elementor-widget-animated-headline .elementor-headline-dynamic-wrapper path{stroke:var( --e-global-color-accent );}.elementor-widget-animated-headline .elementor-headline-plain-text{color:var( --e-global-color-secondary );}.elementor-widget-animated-headline .elementor-headline{font-family:var( --e-global-typography-primary-font-family ), Sans-serif;font-size:var( --e-global-typography-primary-font-size );font-weight:var( --e-global-typography-primary-font-weight );}.elementor-widget-animated-headline{--dynamic-text-color:var( --e-global-color-secondary );}.elementor-widget-animated-headline .elementor-headline-dynamic-text{font-family:var( --e-global-typography-primary-font-family ), Sans-serif;font-weight:var( --e-global-typography-primary-font-weight );}.elementor-736 .elementor-element.elementor-element-fe2604b{--iteration-count:infinite;--animation-duration:1200ms;--dynamic-text-color:var( --e-global-color-4ac0201 );}.elementor-736 .elementor-element.elementor-element-fe2604b .elementor-headline{text-align:center;font-size:30px;}.elementor-736 .elementor-element.elementor-element-fe2604b .elementor-headline-dynamic-wrapper path{stroke:var( --e-global-color-4ac0201 );}.elementor-736 .elementor-element.elementor-element-fe2604b .elementor-headline-plain-text{color:var( --e-global-color-primary );}.elementor-736 .elementor-element.elementor-element-6c29f95{--display:flex;--flex-direction:row;--container-widget-width:initial;--container-widget-height:100%;--container-widget-flex-grow:1;--container-widget-align-self:stretch;--flex-wrap-mobile:wrap;}.elementor-widget-button .elementor-button{background-color:var( --e-global-color-accent );font-family:var( --e-global-typography-accent-font-family ), Sans-serif;font-size:var( --e-global-typography-accent-font-size );font-weight:var( --e-global-typography-accent-font-weight );}.elementor-736 .elementor-element.elementor-element-7bada12 .elementor-button{background-color:var( --e-global-color-primary );font-family:\"Montserrat\", Sans-serif;font-size:15px;font-weight:700;border-radius:0px 0px 0px 0px;}.elementor-736 .elementor-element.elementor-element-1026728{--display:flex;}.elementor-widget-heading .elementor-heading-title{font-family:var( --e-global-typography-primary-font-family ), Sans-serif;font-size:var( --e-global-typography-primary-font-size );font-weight:var( --e-global-typography-primary-font-weight );color:var( --e-global-color-primary );}.elementor-736 .elementor-element.elementor-element-e37cdbb > .elementor-widget-container{margin:55px 0px 0px 0px;}.elementor-736 .elementor-element.elementor-element-e37cdbb .elementor-heading-title{font-family:\"Montserrat\", Sans-serif;font-size:19px;font-weight:700;font-style:normal;line-height:29px;}.elementor-widget-text-editor{font-family:var( --e-global-typography-text-font-family ), Sans-serif;font-size:var( --e-global-typography-text-font-size );font-weight:var( --e-global-typography-text-font-weight );color:var( --e-global-color-text );}.elementor-widget-text-editor.elementor-drop-cap-view-stacked .elementor-drop-cap{background-color:var( --e-global-color-primary );}.elementor-widget-text-editor.elementor-drop-cap-view-framed .elementor-drop-cap, .elementor-widget-text-editor.elementor-drop-cap-view-default .elementor-drop-cap{color:var( --e-global-color-primary );border-color:var( --e-global-color-primary );}.elementor-736 .elementor-element.elementor-element-324aad8 > .elementor-widget-container{margin:0px 0px 0px 0px;}.elementor-736 .elementor-element.elementor-element-324aad8.elementor-element{--align-self:flex-start;--flex-grow:0;--flex-shrink:1;}.elementor-736 .elementor-element.elementor-element-064defa .elementor-button{background-color:#FF6300;}.elementor-736 .elementor-element.elementor-element-064defa > .elementor-widget-container{margin:0px 0px 55px 0px;}.elementor-736 .elementor-element.elementor-element-064defa .elementor-button-content-wrapper{flex-direction:row-reverse;}:root{--page-title-display:none;}@media(max-width:1024px){.elementor-widget-image .widget-image-caption{font-size:var( --e-global-typography-text-font-size );}.elementor-widget-animated-headline .elementor-headline{font-size:var( --e-global-typography-primary-font-size );}.elementor-widget-button .elementor-button{font-size:var( --e-global-typography-accent-font-size );}.elementor-widget-heading .elementor-heading-title{font-size:var( --e-global-typography-primary-font-size );}.elementor-widget-text-editor{font-size:var( --e-global-typography-text-font-size );}}@media(max-width:767px){.elementor-736 .elementor-element.elementor-element-6e2f7b4{--min-height:173px;--justify-content:center;--align-items:center;--container-widget-width:calc( ( 1 - var( --container-widget-flex-grow ) ) * 100% );}.elementor-736 .elementor-element.elementor-element-6e2f7b4:not(.elementor-motion-effects-element-type-background), .elementor-736 .elementor-element.elementor-element-6e2f7b4 > .elementor-motion-effects-container > .elementor-motion-effects-layer{background-position:center center;background-size:cover;}.elementor-widget-image .widget-image-caption{font-size:var( --e-global-typography-text-font-size );}.elementor-widget-animated-headline .elementor-headline{font-size:var( --e-global-typography-primary-font-size );}.elementor-widget-button .elementor-button{font-size:var( --e-global-typography-accent-font-size );}.elementor-widget-heading .elementor-heading-title{font-size:var( --e-global-typography-primary-font-size );}.elementor-736 .elementor-element.elementor-element-e37cdbb{width:var( --container-widget-width, 286px );max-width:286px;--container-widget-width:286px;--container-widget-flex-grow:0;}.elementor-736 .elementor-element.elementor-element-e37cdbb.elementor-element{--align-self:center;}.elementor-widget-text-editor{font-size:var( --e-global-typography-text-font-size );}.elementor-736 .elementor-element.elementor-element-324aad8{width:var( --container-widget-width, 287px );max-width:287px;--container-widget-width:287px;--container-widget-flex-grow:0;column-gap:0px;text-align:left;}.elementor-736 .elementor-element.elementor-element-324aad8.elementor-element{--align-self:center;}}@media(min-width:1025px){.elementor-736 .elementor-element.elementor-element-6e2f7b4:not(.elementor-motion-effects-element-type-background), .elementor-736 .elementor-element.elementor-element-6e2f7b4 > .elementor-motion-effects-container > .elementor-motion-effects-layer{background-attachment:fixed;}}<\/style>\t\t<div data-elementor-type=\"wp-page\" data-elementor-id=\"736\" class=\"elementor elementor-736\" data-elementor-post-type=\"page\">\n\t\t\t\t<div class=\"elementor-element elementor-element-6e2f7b4 animated-fast e-flex e-con-boxed elementor-invisible e-con e-parent\" data-id=\"6e2f7b4\" data-element_type=\"container\" data-settings=\"{&quot;background_background&quot;:&quot;classic&quot;,&quot;animation&quot;:&quot;fadeIn&quot;}\">\n\t\t\t\t\t<div class=\"e-con-inner\">\n\t\t\t\t<div class=\"elementor-element elementor-element-146a838 elementor-widget elementor-widget-image\" data-id=\"146a838\" data-element_type=\"widget\" data-widget_type=\"image.default\">\n\t\t\t\t<div class=\"elementor-widget-container\">\n\t\t\t\t\t\t\t\t\t\t\t\t\t\t\t<img fetchpriority=\"high\" decoding=\"async\" width=\"3768\" height=\"942\" src=\"https:\/\/faculdadef7.edu.br\/wp-content\/uploads\/2024\/12\/VESTIBULARF7SLIDE2025.png\" class=\"attachment-full size-full wp-image-1017\" alt=\"\" srcset=\"https:\/\/faculdadef7.edu.br\/wp-content\/uploads\/2024\/12\/VESTIBULARF7SLIDE2025.png 3768w, https:\/\/faculdadef7.edu.br\/wp-content\/uploads\/2024\/12\/VESTIBULARF7SLIDE2025-300x75.png 300w, https:\/\/faculdadef7.edu.br\/wp-content\/uploads\/2024\/12\/VESTIBULARF7SLIDE2025-1024x256.png 1024w, https:\/\/faculdadef7.edu.br\/wp-content\/uploads\/2024\/12\/VESTIBULARF7SLIDE2025-768x192.png 768w, https:\/\/faculdadef7.edu.br\/wp-content\/uploads\/2024\/12\/VESTIBULARF7SLIDE2025-1536x384.png 1536w, https:\/\/faculdadef7.edu.br\/wp-content\/uploads\/2024\/12\/VESTIBULARF7SLIDE2025-2048x512.png 2048w\" sizes=\"(max-width: 3768px) 100vw, 3768px\" \/>\t\t\t\t\t\t\t\t\t\t\t\t\t\t\t<\/div>\n\t\t\t\t<\/div>\n\t\t\t\t\t<\/div>\n\t\t\t\t<\/div>\n\t\t<div class=\"elementor-element elementor-element-ee6e24f e-flex e-con-boxed e-con e-child\" data-id=\"ee6e24f\" data-element_type=\"container\">\n\t\t\t\t\t<div class=\"e-con-inner\">\n\t\t\t\t<div class=\"elementor-element elementor-element-fe2604b elementor-headline--style-highlight elementor-widget elementor-widget-animated-headline\" data-id=\"fe2604b\" data-element_type=\"widget\" data-settings=\"{&quot;highlighted_text&quot;:&quot;vestibular&quot;,&quot;marker&quot;:&quot;underline_zigzag&quot;,&quot;headline_style&quot;:&quot;highlight&quot;,&quot;loop&quot;:&quot;yes&quot;,&quot;highlight_animation_duration&quot;:1200,&quot;highlight_iteration_delay&quot;:8000}\" data-widget_type=\"animated-headline.default\">\n\t\t\t\t<div class=\"elementor-widget-container\">\n\t\t\t\t\t\t\t<h3 class=\"elementor-headline\">\n\t\t\t\t\t<span class=\"elementor-headline-plain-text elementor-headline-text-wrapper\">Fa\u00e7a o<\/span>\n\t\t\t\t<span class=\"elementor-headline-dynamic-wrapper elementor-headline-text-wrapper\">\n\t\t\t\t\t<span class=\"elementor-headline-dynamic-text elementor-headline-text-active\">vestibular<\/span>\n\t\t\t\t<\/span>\n\t\t\t\t\t<span class=\"elementor-headline-plain-text elementor-headline-text-wrapper\">da F7<\/span>\n\t\t\t\t\t<\/h3>\n\t\t\t\t\t\t<\/div>\n\t\t\t\t<\/div>\n\t\t\t\t\t<\/div>\n\t\t\t\t<\/div>\n\t\t<div class=\"elementor-element elementor-element-6c29f95 e-flex e-con-boxed e-con e-parent\" data-id=\"6c29f95\" data-element_type=\"container\">\n\t\t\t\t\t<div class=\"e-con-inner\">\n\t\t\t\t<div class=\"elementor-element elementor-element-7bada12 elementor-widget elementor-widget-button\" data-id=\"7bada12\" data-element_type=\"widget\" data-widget_type=\"button.default\">\n\t\t\t\t<div class=\"elementor-widget-container\">\n\t\t\t\t\t\t\t\t\t<div class=\"elementor-button-wrapper\">\n\t\t\t\t\t<a class=\"elementor-button elementor-button-link elementor-size-sm elementor-animation-grow\" href=\"https:\/\/faculdadef7.edu.br\/index.php\/editais\/\">\n\t\t\t\t\t\t<span class=\"elementor-button-content-wrapper\">\n\t\t\t\t\t\t\t\t\t<span class=\"elementor-button-text\">Editais<\/span>\n\t\t\t\t\t<\/span>\n\t\t\t\t\t<\/a>\n\t\t\t\t<\/div>\n\t\t\t\t\t\t\t\t<\/div>\n\t\t\t\t<\/div>\n\t\t\t\t\t<\/div>\n\t\t\t\t<\/div>\n\t\t<div class=\"elementor-element elementor-element-1026728 e-flex e-con-boxed e-con e-parent\" data-id=\"1026728\" data-element_type=\"container\">\n\t\t\t\t\t<div class=\"e-con-inner\">\n\t\t\t\t<div class=\"elementor-element elementor-element-e37cdbb elementor-widget-mobile__width-initial elementor-widget elementor-widget-heading\" data-id=\"e37cdbb\" data-element_type=\"widget\" data-widget_type=\"heading.default\">\n\t\t\t\t<div class=\"elementor-widget-container\">\n\t\t\t\t\t<h2 class=\"elementor-heading-title elementor-size-default\">Orienta\u00e7\u00f5es<\/h2>\t\t\t\t<\/div>\n\t\t\t\t<\/div>\n\t\t\t\t<div class=\"elementor-element elementor-element-324aad8 elementor-widget-mobile__width-initial elementor-widget elementor-widget-text-editor\" data-id=\"324aad8\" data-element_type=\"widget\" data-widget_type=\"text-editor.default\">\n\t\t\t\t<div class=\"elementor-widget-container\">\n\t\t\t\t\t\t\t\t\t<p>\u00c9 com grande satisfa\u00e7\u00e3o que a <strong>Faculdade F7<\/strong>\u00a0recebe voc\u00ea para esta importante etapa do nosso processo seletivo. Nosso vestibular online foi cuidadosamente elaborado para avaliar seu conhecimento e habilidades, garantindo uma experi\u00eancia justa e acess\u00edvel a todos os candidatos.<\/p>\n<p>Antes de come\u00e7ar, leia atentamente as instru\u00e7\u00f5es a seguir para garantir o bom andamento da sua prova:<\/p>\n<p>\u2022 Leia cada quest\u00e3o com aten\u00e7\u00e3o e selecione a alternativa que julgar correta. Escolha apenas uma alternativa por quest\u00e3o.<\/p>\n<p>\u2022 Certifique-se de estar em um local tranquilo e com boa conex\u00e3o \u00e0 internet para evitar interrup\u00e7\u00f5es durante a prova.<\/p>\n<p><span style=\"color: var( --e-global-color-text ); font-family: var( --e-global-typography-text-font-family ), Sans-serif; font-size: var( --e-global-typography-text-font-size ); font-weight: var( --e-global-typography-text-font-weight ); text-align: var(--text-align);\">A F7 espera por voc\u00ea!<\/span><\/p>\n<p><!-- \/wp:spacer --><\/p>\t\t\t\t\t\t\t\t<\/div>\n\t\t\t\t<\/div>\n\t\t\t\t<div class=\"elementor-element elementor-element-064defa elementor-mobile-align-center elementor-widget elementor-widget-button\" data-id=\"064defa\" data-element_type=\"widget\" data-widget_type=\"button.default\">\n\t\t\t\t<div class=\"elementor-widget-container\">\n\t\t\t\t\t\t\t\t\t<div class=\"elementor-button-wrapper\">\n\t\t\t\t\t<a class=\"elementor-button elementor-button-link elementor-size-sm elementor-animation-grow\" href=\"https:\/\/forms.gle\/NF5oM4XdsNr6auUaA\">\n\t\t\t\t\t\t<span class=\"elementor-button-content-wrapper\">\n\t\t\t\t\t\t<span class=\"elementor-button-icon\">\n\t\t\t\t<i aria-hidden=\"true\" class=\"fas fa-play\"><\/i>\t\t\t<\/span>\n\t\t\t\t\t\t\t\t\t<span class=\"elementor-button-text\">Come\u00e7ar <\/span>\n\t\t\t\t\t<\/span>\n\t\t\t\t\t<\/a>\n\t\t\t\t<\/div>\n\t\t\t\t\t\t\t\t<\/div>\n\t\t\t\t<\/div>\n\t\t\t\t\t<\/div>\n\t\t\t\t<\/div>\n\t\t\t\t<\/div>\n\t\t","protected":false},"excerpt":{"rendered":"<p>Fa\u00e7a o vestibular da F7 Editais Orienta\u00e7\u00f5es \u00c9 com grande satisfa\u00e7\u00e3o que a Faculdade F7\u00a0recebe voc\u00ea para esta importante etapa do nosso processo seletivo. Nosso vestibular online foi cuidadosamente elaborado para avaliar seu conhecimento e habilidades, garantindo uma experi\u00eancia justa e acess\u00edvel a todos os candidatos. Antes de come\u00e7ar, leia atentamente as instru\u00e7\u00f5es a seguir [&hellip;]<\/p>\n","protected":false},"author":3,"featured_media":0,"parent":0,"menu_order":0,"comment_status":"closed","ping_status":"closed","template":"","meta":{"footnotes":""},"class_list":["post-736","page","type-page","status-publish","hentry"],"jetpack_sharing_enabled":true,"_links":{"self":[{"href":"https:\/\/faculdadef7.edu.br\/index.php\/wp-json\/wp\/v2\/pages\/736","targetHints":{"allow":["GET"]}}],"collection":[{"href":"https:\/\/faculdadef7.edu.br\/index.php\/wp-json\/wp\/v2\/pages"}],"about":[{"href":"https:\/\/faculdadef7.edu.br\/index.php\/wp-json\/wp\/v2\/types\/page"}],"author":[{"embeddable":true,"href":"https:\/\/faculdadef7.edu.br\/index.php\/wp-json\/wp\/v2\/users\/3"}],"replies":[{"embeddable":true,"href":"https:\/\/faculdadef7.edu.br\/index.php\/wp-json\/wp\/v2\/comments?post=736"}],"version-history":[{"count":19,"href":"https:\/\/faculdadef7.edu.br\/index.php\/wp-json\/wp\/v2\/pages\/736\/revisions"}],"predecessor-version":[{"id":1179,"href":"https:\/\/faculdadef7.edu.br\/index.php\/wp-json\/wp\/v2\/pages\/736\/revisions\/1179"}],"wp:attachment":[{"href":"https:\/\/faculdadef7.edu.br\/index.php\/wp-json\/wp\/v2\/media?parent=736"}],"curies":[{"name":"wp","href":"https:\/\/api.w.org\/{rel}","templated":true}]}}